{"id":1208,"date":"2021-02-08T13:15:59","date_gmt":"2021-02-08T13:15:59","guid":{"rendered":"https:\/\/www.groupecouragegroup.com\/leadership-partners\/"},"modified":"2022-10-18T15:38:35","modified_gmt":"2022-10-18T15:38:35","slug":"leadership-partners","status":"publish","type":"page","link":"https:\/\/www.groupecouragegroup.com\/fr\/leadership-partners\/","title":{"rendered":"Partenaires de leadership"},"content":{"rendered":"<div class=\"fusion-fullwidth fullwidth-box fusion-builder-row-1 fusion-flex-container nonhundred-percent-fullwidth non-hundred-percent-height-scrolling\" style=\"--awb-background-position:left top;--awb-border-sizes-top:0px;--awb-border-sizes-bottom:0px;--awb-border-sizes-left:0px;--awb-border-sizes-right:0px;--awb-border-radius-top-left:0px;--awb-border-radius-top-right:0px;--awb-border-radius-bottom-right:0px;--awb-border-radius-bottom-left:0px;--awb-padding-top:25px;--awb-padding-bottom:150px;--awb-flex-wrap:wrap;\" ><div class=\"fusion-builder-row fusion-row fusion-flex-align-items-flex-start fusion-flex-content-wrap\" style=\"max-width:1216.8px;margin-left: calc(-4% \/ 2 );margin-right: calc(-4% \/ 2 );\"><div class=\"fusion-layout-column fusion_builder_column fusion-builder-column-0 fusion_builder_column_1_2 1_2 fusion-flex-column\" style=\"--awb-bg-size:cover;--awb-width-large:50%;--awb-margin-top-large:0px;--awb-spacing-right-large:3.84%;--awb-margin-bottom-large:20px;--awb-spacing-left-large:3.84%;--awb-width-medium:100%;--awb-spacing-right-medium:1.92%;--awb-spacing-left-medium:1.92%;--awb-width-small:100%;--awb-spacing-right-small:1.92%;--awb-spacing-left-small:1.92%;\"><div class=\"fusion-column-wrapper fusion-flex-justify-content-flex-start fusion-content-layout-column\"><div class=\"fusion-title title fusion-title-1 fusion-sep-none fusion-title-text fusion-title-size-two\" style=\"--awb-margin-top-small:0px;--awb-margin-right-small:0px;--awb-margin-bottom-small:20px;--awb-margin-left-small:0px;\"><h2 class=\"fusion-title-heading title-heading-left fusion-responsive-typography-calculated\" style=\"margin:0;--fontSize:48;line-height:1.25;\">Donna F Clark<\/h2><\/div><div class=\"fusion-text fusion-text-1\"><p>Donna est experte-conseil principale et d\u00e9tient plus de 30\u00a0ans d\u2019exp\u00e9rience comme dirigeante principale, conseill\u00e8re, coach, facilitatrice et formatrice. Tr\u00e8s engag\u00e9e, son travail consiste \u00e0 d\u00e9velopper la capacit\u00e9 de diriger avec courage et compassion et \u00e0 mettre sur pied des organisations hautement performantes o\u00f9 r\u00e8gne le bien-\u00eatre. Elle coache des leaders et leurs \u00e9quipes afin de cr\u00e9er les changements qu\u2019ils souhaitent instaurer dans leurs organisations. Elle int\u00e8gre habilement des m\u00e9thodes de coaching et de d\u00e9veloppement du leadership pour leaders dans des projets de transition et de changements organisationnels afin de faire \u00e9merger la capacit\u00e9 de diriger au fur et \u00e0 mesure que l\u2019organisation concr\u00e9tise ses objectifs op\u00e9rationnels.<\/p>\n<p><img decoding=\"async\" class=\"aligncenter wp-image-1146 size-large\" src=\"https:\/\/www.groupecouragegroup.com\/wp-content\/uploads\/2020\/09\/donna-5867-6x9-1-1024x683.jpg\" alt=\"\" width=\"1024\" height=\"683\" srcset=\"https:\/\/www.groupecouragegroup.com\/wp-content\/uploads\/2020\/09\/donna-5867-6x9-1-200x133.jpg 200w, https:\/\/www.groupecouragegroup.com\/wp-content\/uploads\/2020\/09\/donna-5867-6x9-1-300x200.jpg 300w, https:\/\/www.groupecouragegroup.com\/wp-content\/uploads\/2020\/09\/donna-5867-6x9-1-400x267.jpg 400w, https:\/\/www.groupecouragegroup.com\/wp-content\/uploads\/2020\/09\/donna-5867-6x9-1-600x400.jpg 600w, https:\/\/www.groupecouragegroup.com\/wp-content\/uploads\/2020\/09\/donna-5867-6x9-1-768x512.jpg 768w, https:\/\/www.groupecouragegroup.com\/wp-content\/uploads\/2020\/09\/donna-5867-6x9-1-800x533.jpg 800w, https:\/\/www.groupecouragegroup.com\/wp-content\/uploads\/2020\/09\/donna-5867-6x9-1-1024x683.jpg 1024w, https:\/\/www.groupecouragegroup.com\/wp-content\/uploads\/2020\/09\/donna-5867-6x9-1-1200x800.jpg 1200w, https:\/\/www.groupecouragegroup.com\/wp-content\/uploads\/2020\/09\/donna-5867-6x9-1-1536x1024.jpg 1536w\" sizes=\"(max-width: 1024px) 100vw, 1024px\" \/><\/p>\n<p>Donna apporte \u00e0 son travail une approche de leadership relationnel et inclusif. Sp\u00e9cialis\u00e9e dans le soutien aux leaders, elle favorise le d\u00e9veloppement de leurs capacit\u00e9s cognitives et \u00e9motionnelles pour qu\u2019ils puissent diriger dans un monde complexe et exercer un leadership collaboratif. Son travail met \u00e0 profit des m\u00e9thodes et des pratiques avanc\u00e9es con\u00e7ues pour le d\u00e9veloppement de l\u2019adulte tels l\u2019apprentissage transformationnel et les processus de groupe\u2009; des techniques qui suscitent, tant chez les personnes que les groupes, des changements en mati\u00e8re de leadership et de r\u00e9sultats organisationnels. Elle a travaill\u00e9 avec diverses \u00e9quipes de gestion et de direction dans les domaines de la sant\u00e9, des sciences, de l\u2019ing\u00e9nierie, de la fabrication, de l\u2019\u00e9ducation et pour les gouvernements provincial et f\u00e9d\u00e9ral. Elle a donn\u00e9 des cours sur la r\u00e9solution de conflits et les communications \u00e0 la formation continue de l\u2019Universit\u00e9 de Dalhousie. Elle a aussi donn\u00e9 des cours sur le d\u00e9veloppement du leadership dans tout le Canada et coach\u00e9 des leaders de petites entreprises pour la BDC.<\/p>\n<p>Donna d\u00e9tient un doctorat et une ma\u00eetrise en d\u00e9veloppement et changement organisationnels. Elle est conseill\u00e8re en gestion certifi\u00e9e et praticienne agr\u00e9\u00e9e en r\u00e8glement de conflits. Elle est coach certifi\u00e9e de l\u2019Institut Newfield (coaching ontologique) et coach professionnelle certifi\u00e9e (CPC) de l\u2019International Coach Federation (ICF).<\/p>\n<p>Donna est praticienne certifi\u00e9e de l\u2019outil <em>The Leadership Circle<\/em> et elle est autoris\u00e9e \u00e0 mettre en place les diff\u00e9rentes \u00e9valuations telles que <em>The Leadership Circle Profile\u2122<\/em> (TLC\u00a0360) et la\u00a0<em>Collective Leadership Assessment\u2122<\/em> (LCS) et d\u2019en interpr\u00e9ter les r\u00e9sultats. Elle connait plusieurs autres outils d\u2019\u00e9valuation, dont le <em>Lectical Decision Making Assessment<\/em>, le <em>Reflective Judgment Assessment<\/em>, le <em>Personalized Management Coaching <\/em>(PMC), le <em>EQi-2.0<\/em> et bien d\u2019autres. Elle est formatrice autoris\u00e9e du programme <em>Genuine Contact\u2122<\/em> dont l\u2019approche holistique du changement encourage l\u2019adh\u00e9sion \u00e0 une intention commune, \u00e0 un objectif collectif et \u00e0 une vision qui stimule l\u2019innovation et la transformation du syst\u00e8me.<\/p>\n<p><a href=\"mailto:donna@couragegroup.ca\">Pour joindre Donna.<\/a><\/p>\n<h3><\/h3>\n<\/div><\/div><\/div><div class=\"fusion-layout-column fusion_builder_column fusion-builder-column-1 fusion_builder_column_1_2 1_2 fusion-flex-column\" style=\"--awb-bg-size:cover;--awb-width-large:50%;--awb-margin-top-large:0px;--awb-spacing-right-large:3.84%;--awb-margin-bottom-large:20px;--awb-spacing-left-large:3.84%;--awb-width-medium:100%;--awb-spacing-right-medium:1.92%;--awb-spacing-left-medium:1.92%;--awb-width-small:100%;--awb-spacing-right-small:1.92%;--awb-spacing-left-small:1.92%;\"><div class=\"fusion-column-wrapper fusion-flex-justify-content-flex-start fusion-content-layout-column\"><div class=\"fusion-title title fusion-title-2 fusion-sep-none fusion-title-text fusion-title-size-two\" style=\"--awb-margin-top-small:0px;--awb-margin-right-small:0px;--awb-margin-bottom-small:20px;--awb-margin-left-small:0px;\"><h2 class=\"fusion-title-heading title-heading-left fusion-responsive-typography-calculated\" style=\"margin:0;--fontSize:48;line-height:1.25;\">Michelle Cooper<\/h2><\/div><div class=\"fusion-text fusion-text-2\"><p>Michelle Cooper est experte-conseil principale poss\u00e9dant plus de 30\u00a0ans d\u2019exp\u00e9rience comme dirigeante principale, conseill\u00e8re, coach, facilitatrice et formatrice. Elle a travaill\u00e9 avec un grand nombre d\u2019organisations de divers milieux, dont le gouvernement, la sant\u00e9, l\u2019\u00e9ducation et des organismes sans but lucratif. Elle a acquis son exp\u00e9rience en occupant des postes progressivement plus importants, en assimilant sans cesse de nouvelles connaissances et en se perfectionnant. Ses domaines de sp\u00e9cialisation sont le leadership, le changement organisationnel, l\u2019engagement, le mentorat et le coaching de cadres et de gestionnaires. Elle est professeure clinicienne adjointe \u00e0 l\u2019\u00c9cole des sciences infirmi\u00e8res de l\u2019Universit\u00e9 McMaster \u00e0 Hamilton.<\/p>\n<p><img decoding=\"async\" class=\"alignnone size-large wp-image-1149\" src=\"https:\/\/www.groupecouragegroup.com\/wp-content\/uploads\/2020\/09\/michelle_wide_forest-1024x683.jpg\" alt=\"\" width=\"1024\" height=\"683\" srcset=\"https:\/\/www.groupecouragegroup.com\/wp-content\/uploads\/2020\/09\/michelle_wide_forest-200x133.jpg 200w, https:\/\/www.groupecouragegroup.com\/wp-content\/uploads\/2020\/09\/michelle_wide_forest-300x200.jpg 300w, https:\/\/www.groupecouragegroup.com\/wp-content\/uploads\/2020\/09\/michelle_wide_forest-400x267.jpg 400w, https:\/\/www.groupecouragegroup.com\/wp-content\/uploads\/2020\/09\/michelle_wide_forest-600x400.jpg 600w, https:\/\/www.groupecouragegroup.com\/wp-content\/uploads\/2020\/09\/michelle_wide_forest-768x512.jpg 768w, https:\/\/www.groupecouragegroup.com\/wp-content\/uploads\/2020\/09\/michelle_wide_forest-800x533.jpg 800w, https:\/\/www.groupecouragegroup.com\/wp-content\/uploads\/2020\/09\/michelle_wide_forest-1024x683.jpg 1024w, https:\/\/www.groupecouragegroup.com\/wp-content\/uploads\/2020\/09\/michelle_wide_forest-1200x800.jpg 1200w, https:\/\/www.groupecouragegroup.com\/wp-content\/uploads\/2020\/09\/michelle_wide_forest-1536x1024.jpg 1536w\" sizes=\"(max-width: 1024px) 100vw, 1024px\" \/><\/p>\n<p>Michelle apporte au d\u00e9veloppement du leadership une perspective holistique, influenc\u00e9e par son exp\u00e9rience aupr\u00e8s d\u2019adultes, qui fait prendre conscience aux clients leurs fa\u00e7ons de faire et d\u2019\u00eatre. Elle est sp\u00e9cialis\u00e9e en conception et animation de programmes int\u00e9gr\u00e9s et transformationnels du d\u00e9veloppement du leadership, adapt\u00e9s aux clients, et qui tiennent compte de la personne dans sa globalit\u00e9 et des diff\u00e9rentes formes d\u2019intelligence. Son approche comprend l\u2019apprentissage par l\u2019action et la r\u00e9flexion en se servant des probl\u00e9matiques et des d\u00e9fis concrets que doivent relever les leaders. Elle compl\u00e8te sa m\u00e9thode en int\u00e9grant la personnification de la cognition, la pr\u00e9sence attentive et les exercices pratiques. L\u2019objectif est de promouvoir le d\u00e9veloppement vertical et horizontal. Michelle contribue au d\u00e9veloppement des comp\u00e9tences cr\u00e9atives afin que les leaders puissent diriger de fa\u00e7on efficace et authentique et cr\u00e9er les conditions propices au travail d\u2019\u00e9quipe permettant aux organisations, et aux individus qui en font partie, de r\u00e9ussir et de s\u2019\u00e9panouir dans un environnement complexe et changeant.<\/p>\n<p style=\"font-weight: 400;\">Michelle est titulaire d\u2019un baccalaur\u00e9at en sciences infirmi\u00e8res et d\u2019une ma\u00eetrise en sciences infirmi\u00e8res (administration). Elle est coach certifi\u00e9e de l\u2019Institut Newfield (coaching ontologique) et coach professionnelle certifi\u00e9e (CPC) de l\u2019International Coach Federation (ICF). Elle poss\u00e8de un certificat en Art of Developmental Coaching et Neuroscience of Change. Elle est praticienne certifi\u00e9e du syst\u00e8me d\u2019\u00e9valuation The Leadership Circle et est autoris\u00e9e \u00e0 mettre en place les diff\u00e9rents outils tels que The Leadership Circle Profile \u2122 (TLC 360), le Collective Leadership Assessment\u2122 (LCS), EQi-2.0, le Personalized Management Coaching (PMC) et d\u2019en interpr\u00e9ter les r\u00e9sultats aux clients. Elle connait plusieurs autres outils et syst\u00e8mes d\u2019\u00e9valuation. Elle est formatrice autoris\u00e9e du programme Genuine Contact\u2122 dont l\u2019approche holistique du changement met l\u2019emphase sur l\u2019\u00e9mergence d\u2019une mission commune et d\u2019une vision ax\u00e9e sur l\u2019innovation et la transformation du syst\u00e8me.<\/p>\n<p><a href=\"mailto:michelle@couragegroup.ca\">Pour joindre Michelle.<\/a><\/p>\n<h3><\/h3>\n<\/div><\/div><\/div><\/div><\/div>\n","protected":false},"excerpt":{"rendered":"","protected":false},"author":1,"featured_media":0,"parent":0,"menu_order":0,"comment_status":"closed","ping_status":"open","template":"100-width.php","meta":{"footnotes":""},"class_list":["post-1208","page","type-page","status-publish","hentry"],"yoast_head":"<!-- This site is optimized with the Yoast SEO plugin v27.6 - https:\/\/yoast.com\/product\/yoast-seo-wordpress\/ -->\n<title>Partenaires de leadership - Courage Group<\/title>\n<meta name=\"robots\" content=\"index, follow, max-snippet:-1, max-image-preview:large, max-video-preview:-1\" \/>\n<link rel=\"canonical\" href=\"https:\/\/www.groupecouragegroup.com\/fr\/leadership-partners\/\" \/>\n<meta property=\"og:locale\" content=\"fr_FR\" \/>\n<meta property=\"og:type\" content=\"article\" \/>\n<meta property=\"og:title\" content=\"Partenaires de leadership - Courage Group\" \/>\n<meta property=\"og:url\" content=\"https:\/\/www.groupecouragegroup.com\/fr\/leadership-partners\/\" \/>\n<meta property=\"og:site_name\" content=\"Courage Group\" \/>\n<meta property=\"article:modified_time\" content=\"2022-10-18T15:38:35+00:00\" \/>\n<meta property=\"og:image\" content=\"https:\/\/www.groupecouragegroup.com\/wp-content\/uploads\/2020\/09\/donna-5867-6x9-1-1024x683.jpg\" \/>\n<meta name=\"twitter:card\" content=\"summary_large_image\" \/>\n<meta name=\"twitter:label1\" content=\"Dur\u00e9e de lecture estim\u00e9e\" \/>\n\t<meta name=\"twitter:data1\" content=\"4 minutes\" \/>\n<script type=\"application\/ld+json\" class=\"yoast-schema-graph\">{\"@context\":\"https:\\\/\\\/schema.org\",\"@graph\":[{\"@type\":\"WebPage\",\"@id\":\"https:\\\/\\\/www.groupecouragegroup.com\\\/fr\\\/leadership-partners\\\/\",\"url\":\"https:\\\/\\\/www.groupecouragegroup.com\\\/fr\\\/leadership-partners\\\/\",\"name\":\"Partenaires de leadership - Courage Group\",\"isPartOf\":{\"@id\":\"https:\\\/\\\/www.groupecouragegroup.com\\\/fr\\\/#website\"},\"primaryImageOfPage\":{\"@id\":\"https:\\\/\\\/www.groupecouragegroup.com\\\/fr\\\/leadership-partners\\\/#primaryimage\"},\"image\":{\"@id\":\"https:\\\/\\\/www.groupecouragegroup.com\\\/fr\\\/leadership-partners\\\/#primaryimage\"},\"thumbnailUrl\":\"https:\\\/\\\/www.groupecouragegroup.com\\\/wp-content\\\/uploads\\\/2020\\\/09\\\/donna-5867-6x9-1-1024x683.jpg\",\"datePublished\":\"2021-02-08T13:15:59+00:00\",\"dateModified\":\"2022-10-18T15:38:35+00:00\",\"breadcrumb\":{\"@id\":\"https:\\\/\\\/www.groupecouragegroup.com\\\/fr\\\/leadership-partners\\\/#breadcrumb\"},\"inLanguage\":\"fr-FR\",\"potentialAction\":[{\"@type\":\"ReadAction\",\"target\":[\"https:\\\/\\\/www.groupecouragegroup.com\\\/fr\\\/leadership-partners\\\/\"]}]},{\"@type\":\"ImageObject\",\"inLanguage\":\"fr-FR\",\"@id\":\"https:\\\/\\\/www.groupecouragegroup.com\\\/fr\\\/leadership-partners\\\/#primaryimage\",\"url\":\"https:\\\/\\\/www.groupecouragegroup.com\\\/wp-content\\\/uploads\\\/2020\\\/09\\\/donna-5867-6x9-1-1024x683.jpg\",\"contentUrl\":\"https:\\\/\\\/www.groupecouragegroup.com\\\/wp-content\\\/uploads\\\/2020\\\/09\\\/donna-5867-6x9-1-1024x683.jpg\"},{\"@type\":\"BreadcrumbList\",\"@id\":\"https:\\\/\\\/www.groupecouragegroup.com\\\/fr\\\/leadership-partners\\\/#breadcrumb\",\"itemListElement\":[{\"@type\":\"ListItem\",\"position\":1,\"name\":\"Home\",\"item\":\"https:\\\/\\\/www.groupecouragegroup.com\\\/fr\\\/\"},{\"@type\":\"ListItem\",\"position\":2,\"name\":\"Partenaires de leadership\"}]},{\"@type\":\"WebSite\",\"@id\":\"https:\\\/\\\/www.groupecouragegroup.com\\\/fr\\\/#website\",\"url\":\"https:\\\/\\\/www.groupecouragegroup.com\\\/fr\\\/\",\"name\":\"Courage Group\",\"description\":\"Taking your business to new heights\",\"potentialAction\":[{\"@type\":\"SearchAction\",\"target\":{\"@type\":\"EntryPoint\",\"urlTemplate\":\"https:\\\/\\\/www.groupecouragegroup.com\\\/fr\\\/?s={search_term_string}\"},\"query-input\":{\"@type\":\"PropertyValueSpecification\",\"valueRequired\":true,\"valueName\":\"search_term_string\"}}],\"inLanguage\":\"fr-FR\"}]}<\/script>\n<!-- \/ Yoast SEO plugin. -->","yoast_head_json":{"title":"Partenaires de leadership - Courage Group","robots":{"index":"index","follow":"follow","max-snippet":"max-snippet:-1","max-image-preview":"max-image-preview:large","max-video-preview":"max-video-preview:-1"},"canonical":"https:\/\/www.groupecouragegroup.com\/fr\/leadership-partners\/","og_locale":"fr_FR","og_type":"article","og_title":"Partenaires de leadership - Courage Group","og_url":"https:\/\/www.groupecouragegroup.com\/fr\/leadership-partners\/","og_site_name":"Courage Group","article_modified_time":"2022-10-18T15:38:35+00:00","og_image":[{"url":"https:\/\/www.groupecouragegroup.com\/wp-content\/uploads\/2020\/09\/donna-5867-6x9-1-1024x683.jpg","type":"","width":"","height":""}],"twitter_card":"summary_large_image","twitter_misc":{"Dur\u00e9e de lecture estim\u00e9e":"4 minutes"},"schema":{"@context":"https:\/\/schema.org","@graph":[{"@type":"WebPage","@id":"https:\/\/www.groupecouragegroup.com\/fr\/leadership-partners\/","url":"https:\/\/www.groupecouragegroup.com\/fr\/leadership-partners\/","name":"Partenaires de leadership - Courage Group","isPartOf":{"@id":"https:\/\/www.groupecouragegroup.com\/fr\/#website"},"primaryImageOfPage":{"@id":"https:\/\/www.groupecouragegroup.com\/fr\/leadership-partners\/#primaryimage"},"image":{"@id":"https:\/\/www.groupecouragegroup.com\/fr\/leadership-partners\/#primaryimage"},"thumbnailUrl":"https:\/\/www.groupecouragegroup.com\/wp-content\/uploads\/2020\/09\/donna-5867-6x9-1-1024x683.jpg","datePublished":"2021-02-08T13:15:59+00:00","dateModified":"2022-10-18T15:38:35+00:00","breadcrumb":{"@id":"https:\/\/www.groupecouragegroup.com\/fr\/leadership-partners\/#breadcrumb"},"inLanguage":"fr-FR","potentialAction":[{"@type":"ReadAction","target":["https:\/\/www.groupecouragegroup.com\/fr\/leadership-partners\/"]}]},{"@type":"ImageObject","inLanguage":"fr-FR","@id":"https:\/\/www.groupecouragegroup.com\/fr\/leadership-partners\/#primaryimage","url":"https:\/\/www.groupecouragegroup.com\/wp-content\/uploads\/2020\/09\/donna-5867-6x9-1-1024x683.jpg","contentUrl":"https:\/\/www.groupecouragegroup.com\/wp-content\/uploads\/2020\/09\/donna-5867-6x9-1-1024x683.jpg"},{"@type":"BreadcrumbList","@id":"https:\/\/www.groupecouragegroup.com\/fr\/leadership-partners\/#breadcrumb","itemListElement":[{"@type":"ListItem","position":1,"name":"Home","item":"https:\/\/www.groupecouragegroup.com\/fr\/"},{"@type":"ListItem","position":2,"name":"Partenaires de leadership"}]},{"@type":"WebSite","@id":"https:\/\/www.groupecouragegroup.com\/fr\/#website","url":"https:\/\/www.groupecouragegroup.com\/fr\/","name":"Courage Group","description":"Taking your business to new heights","potentialAction":[{"@type":"SearchAction","target":{"@type":"EntryPoint","urlTemplate":"https:\/\/www.groupecouragegroup.com\/fr\/?s={search_term_string}"},"query-input":{"@type":"PropertyValueSpecification","valueRequired":true,"valueName":"search_term_string"}}],"inLanguage":"fr-FR"}]}},"_links":{"self":[{"href":"https:\/\/www.groupecouragegroup.com\/fr\/wp-json\/wp\/v2\/pages\/1208","targetHints":{"allow":["GET"]}}],"collection":[{"href":"https:\/\/www.groupecouragegroup.com\/fr\/wp-json\/wp\/v2\/pages"}],"about":[{"href":"https:\/\/www.groupecouragegroup.com\/fr\/wp-json\/wp\/v2\/types\/page"}],"author":[{"embeddable":true,"href":"https:\/\/www.groupecouragegroup.com\/fr\/wp-json\/wp\/v2\/users\/1"}],"replies":[{"embeddable":true,"href":"https:\/\/www.groupecouragegroup.com\/fr\/wp-json\/wp\/v2\/comments?post=1208"}],"version-history":[{"count":16,"href":"https:\/\/www.groupecouragegroup.com\/fr\/wp-json\/wp\/v2\/pages\/1208\/revisions"}],"predecessor-version":[{"id":1384,"href":"https:\/\/www.groupecouragegroup.com\/fr\/wp-json\/wp\/v2\/pages\/1208\/revisions\/1384"}],"wp:attachment":[{"href":"https:\/\/www.groupecouragegroup.com\/fr\/wp-json\/wp\/v2\/media?parent=1208"}],"curies":[{"name":"wp","href":"https:\/\/api.w.org\/{rel}","templated":true}]}}