{"id":1199,"date":"2021-05-17T12:24:30","date_gmt":"2021-05-17T12:24:30","guid":{"rendered":"https:\/\/www.groupecouragegroup.com\/holistic-organizational-development\/"},"modified":"2022-08-28T15:21:53","modified_gmt":"2022-08-28T15:21:53","slug":"holistic-organizational-development","status":"publish","type":"page","link":"https:\/\/www.groupecouragegroup.com\/fr\/holistic-organizational-development\/","title":{"rendered":"D\u00e9veloppement et changement organisationnels holistiques"},"content":{"rendered":"<div class=\"fusion-fullwidth fullwidth-box fusion-builder-row-1 fusion-flex-container nonhundred-percent-fullwidth non-hundred-percent-height-scrolling\" style=\"--awb-border-radius-top-left:0px;--awb-border-radius-top-right:0px;--awb-border-radius-bottom-right:0px;--awb-border-radius-bottom-left:0px;--awb-margin-top:32px;--awb-flex-wrap:wrap;\" ><div class=\"fusion-builder-row fusion-row fusion-flex-align-items-flex-start fusion-flex-content-wrap\" style=\"max-width:1216.8px;margin-left: calc(-4% \/ 2 );margin-right: calc(-4% \/ 2 );\"><div class=\"fusion-layout-column fusion_builder_column fusion-builder-column-0 fusion_builder_column_1_3 1_3 fusion-flex-column\" style=\"--awb-bg-size:cover;--awb-width-large:33.333333333333%;--awb-margin-top-large:0px;--awb-spacing-right-large:5.76%;--awb-margin-bottom-large:20px;--awb-spacing-left-large:5.76%;--awb-width-medium:100%;--awb-order-medium:0;--awb-spacing-right-medium:1.92%;--awb-spacing-left-medium:1.92%;--awb-width-small:100%;--awb-order-small:0;--awb-spacing-right-small:1.92%;--awb-spacing-left-small:1.92%;\"><div class=\"fusion-column-wrapper fusion-column-has-shadow fusion-flex-justify-content-flex-start fusion-content-layout-column\"><div class=\"fusion-text fusion-text-1\"><p style=\"font-weight: 400;\"><strong>Lorsque des individus agissent avec courage, authenticit\u00e9, compassion, ouverture et collaboration, de bonnes choses peuvent se produire. Lorsqu&rsquo; un groupe de personnes op\u00e8re de cette mani\u00e8re, de grandes choses se produisent.<\/strong><\/p>\n<p style=\"font-weight: 400;\">Nous travaillons avec l&rsquo;ensemble du syst\u00e8me pour cr\u00e9er les conditions permettant aux personnes de s&rsquo;\u00e9panouir dans la complexit\u00e9 et le changement. Passez de la moyenne \u00e0 l\u2019excellence en d\u00e9veloppant votre capacit\u00e9 de leadership, en motivant les gens et en cr\u00e9ant des r\u00e9sultats ensemble. Nos processus tirent parti des connaissances, de la sagesse et du c\u0153ur de toute votre organisation. Nous pouvons vous aider \u00e0 vous connecter \u00e0 votre objectif organisationnel unique, et \u00e0 planifier et mettre en \u0153uvre des changements qui lib\u00e8rent le potentiel des personnes qui y travaillent.<\/p>\n<p><a href=\"https:\/\/www.groupecouragegroup.com\/fr\/leadership-partners\/\">Contactez-nous<\/a>\u00a0et d\u00e9couvrons ensemble les possibilit\u00e9s qui s\u2019offrent \u00e0 votre organisation.<\/p>\n<\/div><\/div><\/div><div class=\"fusion-layout-column fusion_builder_column fusion-builder-column-1 fusion_builder_column_2_3 2_3 fusion-flex-column\" style=\"--awb-bg-size:cover;--awb-width-large:66.666666666667%;--awb-margin-top-large:0px;--awb-spacing-right-large:2.88%;--awb-margin-bottom-large:20px;--awb-spacing-left-large:2.88%;--awb-width-medium:100%;--awb-order-medium:0;--awb-spacing-right-medium:1.92%;--awb-spacing-left-medium:1.92%;--awb-width-small:100%;--awb-order-small:0;--awb-spacing-right-small:1.92%;--awb-spacing-left-small:1.92%;\"><div class=\"fusion-column-wrapper fusion-column-has-shadow fusion-flex-justify-content-flex-start fusion-content-layout-column\"><div class=\"accordian fusion-accordian\" style=\"--awb-border-size:1px;--awb-icon-size:13px;--awb-content-font-size:15px;--awb-icon-alignment:left;--awb-hover-color:#f9f9f9;--awb-border-color:#cccccc;--awb-background-color:#ffffff;--awb-divider-color:#e0dede;--awb-divider-hover-color:#e0dede;--awb-icon-color:#ffffff;--awb-title-color:#e31937;--awb-content-color:#5a5d62;--awb-icon-box-color:#333333;--awb-toggle-hover-accent-color:#3a4a54;--awb-title-font-family:&quot;Comfortaa&quot;;--awb-title-font-weight:500;--awb-title-font-style:normal;--awb-title-font-size:18px;--awb-content-font-family:&quot;Comfortaa&quot;;--awb-content-font-style:normal;--awb-content-font-weight:400;\"><div class=\"panel-group fusion-toggle-icon-boxed\" id=\"accordion-1199-1\"><div class=\"fusion-panel panel-default panel-9cd78daecce6b8206 fusion-toggle-has-divider\"><div class=\"panel-heading\"><h4 class=\"panel-title toggle\" id=\"toggle_9cd78daecce6b8206\"><a aria-expanded=\"false\" aria-controls=\"9cd78daecce6b8206\" role=\"button\" data-toggle=\"collapse\" data-parent=\"#accordion-1199-1\" data-target=\"#9cd78daecce6b8206\" href=\"#9cd78daecce6b8206\"><span class=\"fusion-toggle-icon-wrapper\" aria-hidden=\"true\"><i class=\"fa-fusion-box active-icon awb-icon-minus\" aria-hidden=\"true\"><\/i><i class=\"fa-fusion-box inactive-icon awb-icon-plus\" aria-hidden=\"true\"><\/i><\/span><span class=\"fusion-toggle-heading\">Notre approche<\/span><\/a><\/h4><\/div><div id=\"9cd78daecce6b8206\" class=\"panel-collapse collapse \" aria-labelledby=\"toggle_9cd78daecce6b8206\"><div class=\"panel-body toggle-content fusion-clearfix\">\nNous travaillons avec le syst\u00e8me et la personne dans leur globalit\u00e9 afin de mettre sur pied des conditions et des pratiques simples qui contribueront \u00e0 l\u2019\u00e9panouissement des individus et des organisations. La fa\u00e7on dont les leaders orientent et appuient le changement d\u00e9terminera le type de culture qui \u00e9mergera. Les cultures ne sont pas cr\u00e9\u00e9es, elles \u00e9voluent plut\u00f4t dans des environnements complexes en fonction des relations interpersonnelles, des objectifs communs, du leadership adaptatif et agile. Faire \u00e9voluer la culture organisationnelle est un processus transformationnel qui requiert de la curiosit\u00e9 et de l\u2019ouverture d\u2019esprit pour d\u00e9sapprendre une fa\u00e7on d\u2019\u00eatre et en d\u00e9couvrir une nouvelle.<\/p>\n<blockquote>\n<p style=\"font-weight: 400;\"><em>\u00ab\u00a0Dans un monde plus simple, il est possible que le pouvoir unilat\u00e9ral d\u00e9tenu par un seul leader intelligent et comp\u00e9tent puisse faire la loi. Dans un monde complexe, un partage collectif du pouvoir, de la cr\u00e9ativit\u00e9 et de la perspective permettent de devenir suffisamment agile et nuanc\u00e9 pour diriger.\u00a0\u00bb<\/em><br \/>\n<em>\u2015\u00a0<\/em><strong><em>Jennifer Garvey Berger<\/em><\/strong><\/p>\n<\/blockquote>\n<\/div><\/div><\/div><div class=\"fusion-panel panel-default panel-78e1ea52e638c7cc9 fusion-toggle-has-divider\"><div class=\"panel-heading\"><h4 class=\"panel-title toggle\" id=\"toggle_78e1ea52e638c7cc9\"><a aria-expanded=\"false\" aria-controls=\"78e1ea52e638c7cc9\" role=\"button\" data-toggle=\"collapse\" data-parent=\"#accordion-1199-1\" data-target=\"#78e1ea52e638c7cc9\" href=\"#78e1ea52e638c7cc9\"><span class=\"fusion-toggle-icon-wrapper\" aria-hidden=\"true\"><i class=\"fa-fusion-box active-icon awb-icon-minus\" aria-hidden=\"true\"><\/i><i class=\"fa-fusion-box inactive-icon awb-icon-plus\" aria-hidden=\"true\"><\/i><\/span><span class=\"fusion-toggle-heading\">Caract\u00e9ristiques cl\u00e9s<\/span><\/a><\/h4><\/div><div id=\"78e1ea52e638c7cc9\" class=\"panel-collapse collapse \" aria-labelledby=\"toggle_78e1ea52e638c7cc9\"><div class=\"panel-body toggle-content fusion-clearfix\">\nNos\u00a0<a href=\"https:\/\/www.groupecouragegroup.com\/fr\/courage-code\/\">Espaces au sommet<\/a> <sup>MD<\/sup>\u00a0cr\u00e9ent les conditions id\u00e9ales pour obtenir des changements transformateurs durables. Notre approche du d\u00e9veloppement et du changement organisationnels est holistique, int\u00e9gr\u00e9e, \u00e9volutive, appr\u00e9ciative et adapt\u00e9e \u00e0 votre contexte unique en plus d\u2019\u00eatre \u00e9mergente et ax\u00e9e sur les r\u00e9sultats.<\/p>\n<ul>\n<li>Holistique \u2013 Nous travaillons sur tous les aspects de l\u2019\u00eatre humain, tant des employ\u00e9s que des leaders (raisonnement, esprit, \u00e9motions et corps) ainsi que sur l\u2019entreprise dans sa globalit\u00e9. Nous sommes conscients de l\u2019importance de cr\u00e9er des conditions propices \u00e0 l\u2019\u00e9panouissement des personnes comme des espaces o\u00f9 les gens de profils vari\u00e9s se sentent accueillis, cr\u00e9ent des liens et exp\u00e9rimentent un sentiment d\u2019appartenance.<\/li>\n<li>Int\u00e9gr\u00e9 \u2013 Les processus ou activit\u00e9s d\u2019apprentissage sont con\u00e7us de fa\u00e7on \u00e0 ce que vous puissiez int\u00e9grer les nouvelles connaissances et fa\u00e7ons de faire \u00e0 des situations, probl\u00e9matiques ou perspectives concr\u00e8tes. Les gens mettront en \u0153uvre de nouvelles aptitudes coop\u00e9ratives au fur et \u00e0 mesure qu\u2019ils collaboreront \u00e0 votre travail de changement. Vos \u00e9quipes d\u00e9velopperont de nouvelles capacit\u00e9s collectives pour faire \u00e9voluer leur travail une fois que le n\u00f4tre avec vous sera termin\u00e9.<\/li>\n<li>\u00c9volutive \u2013 Nous faisons participer des personnes de tous les niveaux de votre organisation \u00e0 des processus appuyant les individus qui souhaitent apprendre et progresser. Nous concevons des apprentissages sur de nouvelles fa\u00e7ons d\u2019\u00eatre dans la r\u00e9alisation du travail. Cette approche ax\u00e9e de fa\u00e7on d\u00e9lib\u00e9r\u00e9e sur le d\u00e9veloppement maximise l\u2019impact de vos efforts de changement.<\/li>\n<li>Appr\u00e9ciative \u2013 Nous utilisons une approche appr\u00e9ciative pour comprendre les points forts et la sagesse qui r\u00e8gnent au sein de votre organisation. Cette fa\u00e7on de proc\u00e9der cr\u00e9e un terrain propice \u00e0 l\u2019apprentissage et au d\u00e9veloppement qui r\u00e9pond parfaitement \u00e0 vos besoins.<\/li>\n<li>Adapt\u00e9e \u2013 Nous commen\u00e7ons l\u2019accompagnement \u00e0 votre stade de cheminement et explorons ensemble les r\u00e9cits et les mod\u00e8les qui ont cours dans votre entreprise. Nous remettons en question les suppositions internes qui n\u2019ont plus leur raison d\u2019\u00eatre. Nous d\u00e9couvrons ensemble la voie \u00e0 suivre qui convient \u00e0 votre organisation.<\/li>\n<li>\u00c9mergent \u2013 Nous cr\u00e9ons des processus, des espaces de dialogue et d\u2019exp\u00e9rimentation que nous remanions constamment et qui favorisent l\u2019\u00e9mergence de nouvelles perspectives. Les changements adaptatifs demandent du temps et de la pratique. Nous utilisons des m\u00e9thodes qui contribuent \u00e0 un apprentissage et \u00e0 une adaptation graduels.<\/li>\n<li>Ax\u00e9 sur l\u2019atteinte des r\u00e9sultats \u2013 Nous proc\u00e9dons r\u00e9guli\u00e8rement \u00e0 des \u00e9valuations et nous nous adaptons au fur et \u00e0 mesure. Nous documentons les progr\u00e8s et mettons \u00e0 profit ce qui fonctionne.<\/li>\n<\/ul>\n<\/div><\/div><\/div><div class=\"fusion-panel panel-default panel-db3262d1ea16fb824 fusion-toggle-has-divider\"><div class=\"panel-heading\"><h4 class=\"panel-title toggle\" id=\"toggle_db3262d1ea16fb824\"><a aria-expanded=\"false\" aria-controls=\"db3262d1ea16fb824\" role=\"button\" data-toggle=\"collapse\" data-parent=\"#accordion-1199-1\" data-target=\"#db3262d1ea16fb824\" href=\"#db3262d1ea16fb824\"><span class=\"fusion-toggle-icon-wrapper\" aria-hidden=\"true\"><i class=\"fa-fusion-box active-icon awb-icon-minus\" aria-hidden=\"true\"><\/i><i class=\"fa-fusion-box inactive-icon awb-icon-plus\" aria-hidden=\"true\"><\/i><\/span><span class=\"fusion-toggle-heading\">Notre offre<\/span><\/a><\/h4><\/div><div id=\"db3262d1ea16fb824\" class=\"panel-collapse collapse \" aria-labelledby=\"toggle_db3262d1ea16fb824\"><div class=\"panel-body toggle-content fusion-clearfix\">Le succ\u00e8s individuel et organisationnel est tributaire de saines et efficaces relations avec soi, les autres, la collectivit\u00e9 et la communaut\u00e9 \u00e9largie. Notre approche holistique contribue \u00e0 b\u00e2tir la capacit\u00e9 et les comp\u00e9tences relationnelles des individus, des \u00e9quipes et des organisations. Vous apprendrez non seulement ce que vous devez faire, mais comment cr\u00e9er les conditions pour atteindre le d\u00e9veloppement maximal du potentiel humain de votre organisation de m\u00eame que son \u00e9panouissement futur.<\/p>\n<p>Nos services\u00a0:<\/p>\n<ul>\n<li>Changement et transformation organisationnels<\/li>\n<li>Mobilisation d\u2019\u00e9quipe et coaching<\/li>\n<li>R\u00e9solution de conflits<\/li>\n<li>Culture de travail saine<\/li>\n<li>Travailler ensemble virtuellement<\/li>\n<\/ul>\n<p>Recherchez-vous plus de courage, d\u2019authenticit\u00e9, de compassion, d\u2019ouverture et une plus grande collaboration dans votre organisation tout en atteignant des r\u00e9sultats spectaculaires\u2009? <a href=\"https:\/\/www.groupecouragegroup.com\/fr\/leadership-partners\/\">N\u2019h\u00e9sitez pas \u00e0 nous contacter<\/a>, nous mettrons sur pied un programme adapt\u00e9 \u00e0 vos besoins qui lib\u00e9rera le potentiel de votre entreprise\u2009!<\/div><\/div><\/div><\/div><\/div><\/div><\/div><\/div><\/div>\n","protected":false},"excerpt":{"rendered":"","protected":false},"author":1,"featured_media":0,"parent":0,"menu_order":0,"comment_status":"closed","ping_status":"closed","template":"100-width.php","meta":{"footnotes":""},"class_list":["post-1199","page","type-page","status-publish","hentry"],"yoast_head":"<!-- This site is optimized with the Yoast SEO plugin v27.4 - https:\/\/yoast.com\/product\/yoast-seo-wordpress\/ -->\n<title>D\u00e9veloppement et changement organisationnels holistiques - Courage Group<\/title>\n<meta name=\"robots\" content=\"index, follow, max-snippet:-1, max-image-preview:large, max-video-preview:-1\" \/>\n<link rel=\"canonical\" href=\"https:\/\/www.groupecouragegroup.com\/fr\/holistic-organizational-development\/\" \/>\n<meta property=\"og:locale\" content=\"fr_FR\" \/>\n<meta property=\"og:type\" content=\"article\" \/>\n<meta property=\"og:title\" content=\"D\u00e9veloppement et changement organisationnels holistiques - Courage Group\" \/>\n<meta property=\"og:url\" content=\"https:\/\/www.groupecouragegroup.com\/fr\/holistic-organizational-development\/\" \/>\n<meta property=\"og:site_name\" content=\"Courage Group\" \/>\n<meta property=\"article:modified_time\" content=\"2022-08-28T15:21:53+00:00\" \/>\n<meta name=\"twitter:card\" content=\"summary_large_image\" \/>\n<meta name=\"twitter:label1\" content=\"Dur\u00e9e de lecture estim\u00e9e\" \/>\n\t<meta name=\"twitter:data1\" content=\"8 minutes\" \/>\n<script type=\"application\/ld+json\" class=\"yoast-schema-graph\">{\"@context\":\"https:\\\/\\\/schema.org\",\"@graph\":[{\"@type\":\"WebPage\",\"@id\":\"https:\\\/\\\/www.groupecouragegroup.com\\\/fr\\\/holistic-organizational-development\\\/\",\"url\":\"https:\\\/\\\/www.groupecouragegroup.com\\\/fr\\\/holistic-organizational-development\\\/\",\"name\":\"D\u00e9veloppement et changement organisationnels holistiques - Courage Group\",\"isPartOf\":{\"@id\":\"https:\\\/\\\/www.groupecouragegroup.com\\\/fr\\\/#website\"},\"datePublished\":\"2021-05-17T12:24:30+00:00\",\"dateModified\":\"2022-08-28T15:21:53+00:00\",\"breadcrumb\":{\"@id\":\"https:\\\/\\\/www.groupecouragegroup.com\\\/fr\\\/holistic-organizational-development\\\/#breadcrumb\"},\"inLanguage\":\"fr-FR\",\"potentialAction\":[{\"@type\":\"ReadAction\",\"target\":[\"https:\\\/\\\/www.groupecouragegroup.com\\\/fr\\\/holistic-organizational-development\\\/\"]}]},{\"@type\":\"BreadcrumbList\",\"@id\":\"https:\\\/\\\/www.groupecouragegroup.com\\\/fr\\\/holistic-organizational-development\\\/#breadcrumb\",\"itemListElement\":[{\"@type\":\"ListItem\",\"position\":1,\"name\":\"Home\",\"item\":\"https:\\\/\\\/www.groupecouragegroup.com\\\/fr\\\/\"},{\"@type\":\"ListItem\",\"position\":2,\"name\":\"D\u00e9veloppement et changement organisationnels holistiques\"}]},{\"@type\":\"WebSite\",\"@id\":\"https:\\\/\\\/www.groupecouragegroup.com\\\/fr\\\/#website\",\"url\":\"https:\\\/\\\/www.groupecouragegroup.com\\\/fr\\\/\",\"name\":\"Courage Group\",\"description\":\"Taking your business to new heights\",\"potentialAction\":[{\"@type\":\"SearchAction\",\"target\":{\"@type\":\"EntryPoint\",\"urlTemplate\":\"https:\\\/\\\/www.groupecouragegroup.com\\\/fr\\\/?s={search_term_string}\"},\"query-input\":{\"@type\":\"PropertyValueSpecification\",\"valueRequired\":true,\"valueName\":\"search_term_string\"}}],\"inLanguage\":\"fr-FR\"}]}<\/script>\n<!-- \/ Yoast SEO plugin. -->","yoast_head_json":{"title":"D\u00e9veloppement et changement organisationnels holistiques - Courage Group","robots":{"index":"index","follow":"follow","max-snippet":"max-snippet:-1","max-image-preview":"max-image-preview:large","max-video-preview":"max-video-preview:-1"},"canonical":"https:\/\/www.groupecouragegroup.com\/fr\/holistic-organizational-development\/","og_locale":"fr_FR","og_type":"article","og_title":"D\u00e9veloppement et changement organisationnels holistiques - Courage Group","og_url":"https:\/\/www.groupecouragegroup.com\/fr\/holistic-organizational-development\/","og_site_name":"Courage Group","article_modified_time":"2022-08-28T15:21:53+00:00","twitter_card":"summary_large_image","twitter_misc":{"Dur\u00e9e de lecture estim\u00e9e":"8 minutes"},"schema":{"@context":"https:\/\/schema.org","@graph":[{"@type":"WebPage","@id":"https:\/\/www.groupecouragegroup.com\/fr\/holistic-organizational-development\/","url":"https:\/\/www.groupecouragegroup.com\/fr\/holistic-organizational-development\/","name":"D\u00e9veloppement et changement organisationnels holistiques - Courage Group","isPartOf":{"@id":"https:\/\/www.groupecouragegroup.com\/fr\/#website"},"datePublished":"2021-05-17T12:24:30+00:00","dateModified":"2022-08-28T15:21:53+00:00","breadcrumb":{"@id":"https:\/\/www.groupecouragegroup.com\/fr\/holistic-organizational-development\/#breadcrumb"},"inLanguage":"fr-FR","potentialAction":[{"@type":"ReadAction","target":["https:\/\/www.groupecouragegroup.com\/fr\/holistic-organizational-development\/"]}]},{"@type":"BreadcrumbList","@id":"https:\/\/www.groupecouragegroup.com\/fr\/holistic-organizational-development\/#breadcrumb","itemListElement":[{"@type":"ListItem","position":1,"name":"Home","item":"https:\/\/www.groupecouragegroup.com\/fr\/"},{"@type":"ListItem","position":2,"name":"D\u00e9veloppement et changement organisationnels holistiques"}]},{"@type":"WebSite","@id":"https:\/\/www.groupecouragegroup.com\/fr\/#website","url":"https:\/\/www.groupecouragegroup.com\/fr\/","name":"Courage Group","description":"Taking your business to new heights","potentialAction":[{"@type":"SearchAction","target":{"@type":"EntryPoint","urlTemplate":"https:\/\/www.groupecouragegroup.com\/fr\/?s={search_term_string}"},"query-input":{"@type":"PropertyValueSpecification","valueRequired":true,"valueName":"search_term_string"}}],"inLanguage":"fr-FR"}]}},"_links":{"self":[{"href":"https:\/\/www.groupecouragegroup.com\/fr\/wp-json\/wp\/v2\/pages\/1199","targetHints":{"allow":["GET"]}}],"collection":[{"href":"https:\/\/www.groupecouragegroup.com\/fr\/wp-json\/wp\/v2\/pages"}],"about":[{"href":"https:\/\/www.groupecouragegroup.com\/fr\/wp-json\/wp\/v2\/types\/page"}],"author":[{"embeddable":true,"href":"https:\/\/www.groupecouragegroup.com\/fr\/wp-json\/wp\/v2\/users\/1"}],"replies":[{"embeddable":true,"href":"https:\/\/www.groupecouragegroup.com\/fr\/wp-json\/wp\/v2\/comments?post=1199"}],"version-history":[{"count":13,"href":"https:\/\/www.groupecouragegroup.com\/fr\/wp-json\/wp\/v2\/pages\/1199\/revisions"}],"predecessor-version":[{"id":1333,"href":"https:\/\/www.groupecouragegroup.com\/fr\/wp-json\/wp\/v2\/pages\/1199\/revisions\/1333"}],"wp:attachment":[{"href":"https:\/\/www.groupecouragegroup.com\/fr\/wp-json\/wp\/v2\/media?parent=1199"}],"curies":[{"name":"wp","href":"https:\/\/api.w.org\/{rel}","templated":true}]}}