{"id":1198,"date":"2021-05-17T16:59:21","date_gmt":"2021-05-17T16:59:21","guid":{"rendered":"https:\/\/www.groupecouragegroup.com\/courage-code\/"},"modified":"2022-10-18T15:44:30","modified_gmt":"2022-10-18T15:44:30","slug":"courage-code","status":"publish","type":"page","link":"https:\/\/www.groupecouragegroup.com\/fr\/courage-code\/","title":{"rendered":"Le Code courage"},"content":{"rendered":"<p><div class=\"fusion-fullwidth fullwidth-box fusion-builder-row-1 fusion-flex-container nonhundred-percent-fullwidth non-hundred-percent-height-scrolling\" style=\"--awb-border-radius-top-left:0px;--awb-border-radius-top-right:0px;--awb-border-radius-bottom-right:0px;--awb-border-radius-bottom-left:0px;--awb-padding-right:70px;--awb-padding-bottom:0px;--awb-padding-left:82px;--awb-margin-top:37px;--awb-margin-bottom:0px;--awb-flex-wrap:wrap;\" ><div class=\"fusion-builder-row fusion-row fusion-flex-align-items-flex-start fusion-flex-content-wrap\" style=\"max-width:1216.8px;margin-left: calc(-4% \/ 2 );margin-right: calc(-4% \/ 2 );\"><div class=\"fusion-layout-column fusion_builder_column fusion-builder-column-0 fusion_builder_column_1_1 1_1 fusion-flex-column\" style=\"--awb-bg-size:cover;--awb-width-large:100%;--awb-margin-top-large:0px;--awb-spacing-right-large:1.92%;--awb-margin-bottom-large:20px;--awb-spacing-left-large:1.92%;--awb-width-medium:100%;--awb-order-medium:0;--awb-spacing-right-medium:1.92%;--awb-spacing-left-medium:1.92%;--awb-width-small:100%;--awb-order-small:0;--awb-spacing-right-small:1.92%;--awb-spacing-left-small:1.92%;\"><div class=\"fusion-column-wrapper fusion-column-has-shadow fusion-flex-justify-content-flex-start fusion-content-layout-column\"><div class=\"fusion-text fusion-text-1\"><p><span style=\"font-weight: 400;\">Il faut une bonne dose de courage pour diriger par les temps qui courent. Plus que jamais, une nouvelle perspective s\u2019impose. Notre approche int\u00e9gr\u00e9e bas\u00e9e sur le <\/span><span style=\"font-weight: 400;\"><a href=\"https:\/\/www.groupecouragegroup.com\/fr\/courage-code\/\">Code courage\u2122<\/a><\/span><span style=\"font-weight: 400;\"> et s\u2019appuyant sur <\/span><span style=\"font-weight: 400;\"><a href=\"https:\/\/www.groupecouragegroup.com\/fr\/courage-code\/\">\u00a0Espace au sommet\u2122<\/a><\/span> <span style=\"font-weight: 400;\">transformera vos modes de travail et de fonctionnement tout en vous aidant \u00e0 prosp\u00e9rer dans notre monde actuel si complexe. Nous travaillerons avec vous sur des probl\u00e8mes op\u00e9rationnels r\u00e9els et nous vous indiquerons les outils, les pratiques n\u00e9cessaires \u00e0 adopter de m\u00eame que les diff\u00e9rentes fa\u00e7ons <\/span><span style=\"font-weight: 400;\">d\u2019accueillir le changement<\/span><span style=\"font-weight: 400;\">. Ce n\u2019est pas seulement ce que nous faisons mais comment nous le faisons qui fait la diff\u00e9rence.<\/span><span style=\"font-weight: 400;\"> Voyons ensemble comment nous pouvons vous rendre service.<\/span><\/p>\n<\/div><\/div><\/div><\/div><\/div><div class=\"fusion-fullwidth fullwidth-box fusion-builder-row-2 fusion-flex-container nonhundred-percent-fullwidth non-hundred-percent-height-scrolling\" style=\"--awb-border-radius-top-left:0px;--awb-border-radius-top-right:0px;--awb-border-radius-bottom-right:0px;--awb-border-radius-bottom-left:0px;--awb-flex-wrap:wrap;\" ><div class=\"fusion-builder-row fusion-row fusion-flex-align-items-flex-start fusion-flex-content-wrap\" style=\"max-width:1216.8px;margin-left: calc(-4% \/ 2 );margin-right: calc(-4% \/ 2 );\"><div class=\"fusion-layout-column fusion_builder_column fusion-builder-column-1 fusion_builder_column_1_2 1_2 fusion-flex-column\" style=\"--awb-bg-size:cover;--awb-width-large:50%;--awb-margin-top-large:0px;--awb-spacing-right-large:3.84%;--awb-margin-bottom-large:20px;--awb-spacing-left-large:3.84%;--awb-width-medium:100%;--awb-order-medium:0;--awb-spacing-right-medium:1.92%;--awb-spacing-left-medium:1.92%;--awb-width-small:100%;--awb-order-small:0;--awb-spacing-right-small:1.92%;--awb-spacing-left-small:1.92%;\"><div class=\"fusion-column-wrapper fusion-column-has-shadow fusion-flex-justify-content-flex-start fusion-content-layout-column\"><div class=\"fusion-title title fusion-title-1 fusion-sep-none fusion-title-text fusion-title-size-one\" style=\"--awb-margin-top-small:0px;--awb-margin-right-small:0px;--awb-margin-bottom-small:20px;--awb-margin-left-small:0px;\"><h1 class=\"fusion-title-heading title-heading-left fusion-responsive-typography-calculated\" style=\"margin:0;--fontSize:60;line-height:1.33;\"><h2 style=\"text-align: center;\">Le Code courage<\/h2><\/h1><\/div><div class=\"fusion-text fusion-text-2\"><p><strong>Notre Code courage <sup>MD<\/sup> guide \u00e0 la fois la m\u00e9thode de travail que nous utilisons avec nos clients et ce que nous accomplissons ensemble.<\/strong><\/p>\n<p><strong>Le courage<\/strong>. Nous nous engageons \u00e0 dire la v\u00e9rit\u00e9 sans bl\u00e2mer ni juger, \u00e0 prendre des risques pour servir un objectif et des valeurs plus \u00e9lev\u00e9s, \u00e0 traiter les questions difficiles directement et \u00e0 \u00eatre responsables de nos contributions et de nos actes.<\/p>\n<p><strong>La compassion<\/strong>. De bonnes relations interpersonnelles et une agilit\u00e9 \u00e9motionnelle sont essentielles dans notre pratique. Notre fa\u00e7on d\u2019\u00eatre envers les clients et les partenaires est remplie de compassion et de l\u2019attention port\u00e9e \u00e0 l\u2019autre. Nous accueillons la personne humaine et travaillons sur les plans corporel, rationnel, spirituel et \u00e9motionnel.<\/p>\n<p><strong>L\u2019ouverture<\/strong>. Nous sommes r\u00e9ceptifs aux id\u00e9es nouvelles. Nous accordons de la valeur \u00e0 la cr\u00e9ativit\u00e9 qui se manifeste lorsque l\u2019on met ensemble diff\u00e9rentes perspectives et ant\u00e9c\u00e9dents, exp\u00e9riences, croyances, savoir-faire qui nous font voir de nouvelles possibilit\u00e9s d\u2019action.<\/p>\n<p><strong>L\u2019authenticit\u00e9<\/strong>. Nous pr\u00eachons par l\u2019exemple et maintenons sciemment l\u2019\u00e9quilibre entre la conscience de soi et la conscience des syst\u00e8mes afin de pouvoir accompagner nos clients en fonction de leur cheminement et construire un climat de confiance afin de grandir ensemble.<\/p>\n<p><strong>La collaboration<\/strong>. Nous faisons participer nos partenaires et nos clients \u00e0 la cocr\u00e9ation de nos programmes, services et solutions innovatrices mutuellement b\u00e9n\u00e9fiques.<\/p>\n<\/div><\/div><\/div><div class=\"fusion-layout-column fusion_builder_column fusion-builder-column-2 fusion_builder_column_1_2 1_2 fusion-flex-column\" style=\"--awb-bg-size:cover;--awb-width-large:50%;--awb-margin-top-large:0px;--awb-spacing-right-large:3.84%;--awb-margin-bottom-large:20px;--awb-spacing-left-large:3.84%;--awb-width-medium:100%;--awb-order-medium:0;--awb-spacing-right-medium:1.92%;--awb-spacing-left-medium:1.92%;--awb-width-small:100%;--awb-order-small:0;--awb-spacing-right-small:1.92%;--awb-spacing-left-small:1.92%;\"><div class=\"fusion-column-wrapper fusion-column-has-shadow fusion-flex-justify-content-flex-start fusion-content-layout-column\"><div class=\"fusion-title title fusion-title-2 fusion-sep-none fusion-title-text fusion-title-size-one\" style=\"--awb-margin-top-small:0px;--awb-margin-right-small:0px;--awb-margin-bottom-small:20px;--awb-margin-left-small:0px;\"><h1 class=\"fusion-title-heading title-heading-left fusion-responsive-typography-calculated\" style=\"margin:0;--fontSize:60;line-height:1.33;\"><h2 style=\"text-align: center;\">Les Espaces au sommet<\/h2><\/h1><\/div><div class=\"fusion-text fusion-text-3\"><p>Les Espaces au sommet <sup>MD<\/sup> sont des milieux que nous cocr\u00e9ons avec nos clients o\u00f9 des choses merveilleuses peuvent arriver. Dans ces espaces, il est possible de d\u00e9velopper une conscience plus profonde, de connecter avec nos mondes int\u00e9rieur et ext\u00e9rieur et d\u2019\u00eatre en contact avec ce qui nous d\u00e9passe.<\/p>\n<p>Les Espaces au sommet <sup>MD<\/sup> favorisent la s\u00e9curit\u00e9 psychologique et les relations avec soi, les autres et la collectivit\u00e9. Ils contribuent au d\u00e9veloppement optimal des individus et des \u00e9quipes. Voici les composantes des Espaces au sommet <sup>MD\u00a0<\/sup>:<\/p>\n<p><strong>L\u2019inclusion<\/strong>. Tout le monde est invit\u00e9, accueilli et encourag\u00e9 \u00e0 participer. Nous faisons la promotion de l\u2019\u00e9galit\u00e9 des chances d\u2019acc\u00e8s aux perspectives et aux ressources pour des gens qui, autrement, seraient exclus ou marginalis\u00e9s pour toutes sortes de raisons. Nous invitons la personne dans son int\u00e9gralit\u00e9 (corps, raison, esprit et \u00e9motions) et l\u2019ensemble du syst\u00e8me dans cet espace.<\/p>\n<p><strong>L\u2019apprentissage<\/strong>. Chaque espace offre une occasion d\u2019apprendre. Nous accompagnons les gens qui souhaitent sortir de leur zone de confort et nous leur donnons un espace s\u00fbr pour qu\u2019ils puissent exp\u00e9rimenter et affronter un \u00e9chec. Nous les invitons \u00e0 poursuivre leur \u00e9volution tout en \u00e9tant conscients qu\u2019il est important qu\u2019ils fassent l\u2019exp\u00e9rience de l\u2019apprentissage \u00e0 chaque \u00e9tape.<\/p>\n<p><strong>La cr\u00e9ativit\u00e9<\/strong>. Les Espaces au sommet <sup>MD<\/sup> encouragent les gens \u00e0 penser de fa\u00e7on audacieuse, \u00e0 se d\u00e9velopper, \u00e0 s\u2019exprimer et \u00e0 faire part de leurs id\u00e9es par de nouveaux moyens. Les gens apprennent \u00e0 prendre du recul, \u00e0 s\u2019observer avec un regard neuf et \u00e0 cr\u00e9er de nouvelles possibilit\u00e9s d\u2019action.<\/p>\n<p><strong>La progression<\/strong>. Les Espaces au sommet <sup>MD<\/sup> favorisent l\u2019\u00e9panouissement et le changement transformationnel. Les personnes \u00e9voluent, adoptent une intention commune et un objectif collectif qui permettent de progresser et de b\u00e2tir la capacit\u00e9 de continuer \u00e0 \u00e9voluer et \u00e0 s\u2019am\u00e9liorer.<\/p>\n<p><strong>Le d\u00e9bat<\/strong>. L\u2019expression et la remise en question d\u2019une opinion divergente se font dans un espace de libert\u00e9 et de r\u00e9ceptivit\u00e9. Lorsque le d\u00e9bat se fait dans la confiance, il est alors possible de tirer profit de la sagesse et de l\u2019intuition de chacun. Le d\u00e9bat favorise l\u2019innovation et l\u2019agilit\u00e9 n\u00e9cessaires pour d\u00e9tecter les changements rapides dans un environnement donn\u00e9 et r\u00e9agir.<\/p>\n<p><strong>La gu\u00e9rison<\/strong>. Les Espaces au sommet\u00a0<sup>MD<\/sup> offrent une dimension relationnelle o\u00f9 les gens se sentent \u00e9cout\u00e9s. Faire acte de pr\u00e9sence et \u00e9couter les autres peut contribuer \u00e0 cr\u00e9er des moments propices \u00e0 la gu\u00e9rison. Les gens commencent \u00e0 gu\u00e9rir lorsqu\u2019ils se sentent entendus.<\/p>\n<\/div><\/div><\/div><\/div><\/div><\/p>\n","protected":false},"excerpt":{"rendered":"","protected":false},"author":1,"featured_media":0,"parent":0,"menu_order":0,"comment_status":"closed","ping_status":"closed","template":"100-width.php","meta":{"footnotes":""},"class_list":["post-1198","page","type-page","status-publish","hentry"],"yoast_head":"<!-- This site is optimized with the Yoast SEO plugin v27.4 - https:\/\/yoast.com\/product\/yoast-seo-wordpress\/ -->\n<title>Le Code courage - Courage Group<\/title>\n<meta name=\"robots\" content=\"index, follow, max-snippet:-1, max-image-preview:large, max-video-preview:-1\" \/>\n<link rel=\"canonical\" href=\"https:\/\/www.groupecouragegroup.com\/fr\/courage-code\/\" \/>\n<meta property=\"og:locale\" content=\"fr_FR\" \/>\n<meta property=\"og:type\" content=\"article\" \/>\n<meta property=\"og:title\" content=\"Le Code courage - Courage Group\" \/>\n<meta property=\"og:url\" content=\"https:\/\/www.groupecouragegroup.com\/fr\/courage-code\/\" \/>\n<meta property=\"og:site_name\" content=\"Courage Group\" \/>\n<meta property=\"article:modified_time\" content=\"2022-10-18T15:44:30+00:00\" \/>\n<meta name=\"twitter:card\" content=\"summary_large_image\" \/>\n<meta name=\"twitter:label1\" content=\"Dur\u00e9e de lecture estim\u00e9e\" \/>\n\t<meta name=\"twitter:data1\" content=\"5 minutes\" \/>\n<script type=\"application\/ld+json\" class=\"yoast-schema-graph\">{\"@context\":\"https:\\\/\\\/schema.org\",\"@graph\":[{\"@type\":\"WebPage\",\"@id\":\"https:\\\/\\\/www.groupecouragegroup.com\\\/fr\\\/courage-code\\\/\",\"url\":\"https:\\\/\\\/www.groupecouragegroup.com\\\/fr\\\/courage-code\\\/\",\"name\":\"Le Code courage - Courage Group\",\"isPartOf\":{\"@id\":\"https:\\\/\\\/www.groupecouragegroup.com\\\/fr\\\/#website\"},\"datePublished\":\"2021-05-17T16:59:21+00:00\",\"dateModified\":\"2022-10-18T15:44:30+00:00\",\"breadcrumb\":{\"@id\":\"https:\\\/\\\/www.groupecouragegroup.com\\\/fr\\\/courage-code\\\/#breadcrumb\"},\"inLanguage\":\"fr-FR\",\"potentialAction\":[{\"@type\":\"ReadAction\",\"target\":[\"https:\\\/\\\/www.groupecouragegroup.com\\\/fr\\\/courage-code\\\/\"]}]},{\"@type\":\"BreadcrumbList\",\"@id\":\"https:\\\/\\\/www.groupecouragegroup.com\\\/fr\\\/courage-code\\\/#breadcrumb\",\"itemListElement\":[{\"@type\":\"ListItem\",\"position\":1,\"name\":\"Home\",\"item\":\"https:\\\/\\\/www.groupecouragegroup.com\\\/fr\\\/\"},{\"@type\":\"ListItem\",\"position\":2,\"name\":\"Le Code courage\"}]},{\"@type\":\"WebSite\",\"@id\":\"https:\\\/\\\/www.groupecouragegroup.com\\\/fr\\\/#website\",\"url\":\"https:\\\/\\\/www.groupecouragegroup.com\\\/fr\\\/\",\"name\":\"Courage Group\",\"description\":\"Taking your business to new heights\",\"potentialAction\":[{\"@type\":\"SearchAction\",\"target\":{\"@type\":\"EntryPoint\",\"urlTemplate\":\"https:\\\/\\\/www.groupecouragegroup.com\\\/fr\\\/?s={search_term_string}\"},\"query-input\":{\"@type\":\"PropertyValueSpecification\",\"valueRequired\":true,\"valueName\":\"search_term_string\"}}],\"inLanguage\":\"fr-FR\"}]}<\/script>\n<!-- \/ Yoast SEO plugin. -->","yoast_head_json":{"title":"Le Code courage - Courage Group","robots":{"index":"index","follow":"follow","max-snippet":"max-snippet:-1","max-image-preview":"max-image-preview:large","max-video-preview":"max-video-preview:-1"},"canonical":"https:\/\/www.groupecouragegroup.com\/fr\/courage-code\/","og_locale":"fr_FR","og_type":"article","og_title":"Le Code courage - Courage Group","og_url":"https:\/\/www.groupecouragegroup.com\/fr\/courage-code\/","og_site_name":"Courage Group","article_modified_time":"2022-10-18T15:44:30+00:00","twitter_card":"summary_large_image","twitter_misc":{"Dur\u00e9e de lecture estim\u00e9e":"5 minutes"},"schema":{"@context":"https:\/\/schema.org","@graph":[{"@type":"WebPage","@id":"https:\/\/www.groupecouragegroup.com\/fr\/courage-code\/","url":"https:\/\/www.groupecouragegroup.com\/fr\/courage-code\/","name":"Le Code courage - Courage Group","isPartOf":{"@id":"https:\/\/www.groupecouragegroup.com\/fr\/#website"},"datePublished":"2021-05-17T16:59:21+00:00","dateModified":"2022-10-18T15:44:30+00:00","breadcrumb":{"@id":"https:\/\/www.groupecouragegroup.com\/fr\/courage-code\/#breadcrumb"},"inLanguage":"fr-FR","potentialAction":[{"@type":"ReadAction","target":["https:\/\/www.groupecouragegroup.com\/fr\/courage-code\/"]}]},{"@type":"BreadcrumbList","@id":"https:\/\/www.groupecouragegroup.com\/fr\/courage-code\/#breadcrumb","itemListElement":[{"@type":"ListItem","position":1,"name":"Home","item":"https:\/\/www.groupecouragegroup.com\/fr\/"},{"@type":"ListItem","position":2,"name":"Le Code courage"}]},{"@type":"WebSite","@id":"https:\/\/www.groupecouragegroup.com\/fr\/#website","url":"https:\/\/www.groupecouragegroup.com\/fr\/","name":"Courage Group","description":"Taking your business to new heights","potentialAction":[{"@type":"SearchAction","target":{"@type":"EntryPoint","urlTemplate":"https:\/\/www.groupecouragegroup.com\/fr\/?s={search_term_string}"},"query-input":{"@type":"PropertyValueSpecification","valueRequired":true,"valueName":"search_term_string"}}],"inLanguage":"fr-FR"}]}},"_links":{"self":[{"href":"https:\/\/www.groupecouragegroup.com\/fr\/wp-json\/wp\/v2\/pages\/1198","targetHints":{"allow":["GET"]}}],"collection":[{"href":"https:\/\/www.groupecouragegroup.com\/fr\/wp-json\/wp\/v2\/pages"}],"about":[{"href":"https:\/\/www.groupecouragegroup.com\/fr\/wp-json\/wp\/v2\/types\/page"}],"author":[{"embeddable":true,"href":"https:\/\/www.groupecouragegroup.com\/fr\/wp-json\/wp\/v2\/users\/1"}],"replies":[{"embeddable":true,"href":"https:\/\/www.groupecouragegroup.com\/fr\/wp-json\/wp\/v2\/comments?post=1198"}],"version-history":[{"count":16,"href":"https:\/\/www.groupecouragegroup.com\/fr\/wp-json\/wp\/v2\/pages\/1198\/revisions"}],"predecessor-version":[{"id":1389,"href":"https:\/\/www.groupecouragegroup.com\/fr\/wp-json\/wp\/v2\/pages\/1198\/revisions\/1389"}],"wp:attachment":[{"href":"https:\/\/www.groupecouragegroup.com\/fr\/wp-json\/wp\/v2\/media?parent=1198"}],"curies":[{"name":"wp","href":"https:\/\/api.w.org\/{rel}","templated":true}]}}